{"id":40,"date":"2025-11-05T19:20:51","date_gmt":"2025-11-05T19:20:51","guid":{"rendered":"https:\/\/pre.molinosagro.com.ar\/?page_id=40"},"modified":"2025-11-27T18:14:44","modified_gmt":"2025-11-27T18:14:44","slug":"contacto","status":"publish","type":"page","link":"https:\/\/pre.molinosagro.com.ar\/en\/contacto\/","title":{"rendered":"Contact"},"content":{"rendered":"<div data-elementor-type=\"wp-page\" data-elementor-id=\"40\" class=\"elementor elementor-40\" data-elementor-post-type=\"page\">\n\t\t\t\t<div class=\"elementor-element elementor-element-d732ce2 e-flex e-con-boxed e-con e-parent\" data-id=\"d732ce2\" data-element_type=\"container\" data-settings=\"{&quot;background_background&quot;:&quot;classic&quot;}\">\n\t\t\t\t\t<div class=\"e-con-inner\">\n\t\t\t\t\t<\/div>\n\t\t\t\t<\/div>\n\t\t<div class=\"elementor-element elementor-element-46f0457 e-flex e-con-boxed e-con e-parent\" data-id=\"46f0457\" data-element_type=\"container\">\n\t\t\t\t\t<div class=\"e-con-inner\">\n\t\t<div class=\"elementor-element elementor-element-a348c50 e-con-full e-flex e-con e-child\" data-id=\"a348c50\" data-element_type=\"container\">\n\t\t\t\t<div class=\"elementor-element elementor-element-f40e63d elementor-widget elementor-widget-text-editor\" data-id=\"f40e63d\" data-element_type=\"widget\" data-widget_type=\"text-editor.default\">\n\t\t\t\t\t\t\t\t\t<p><span style=\"white-space-collapse: preserve;\">CONTACT<\/span><\/p>\t\t\t\t\t\t\t\t<\/div>\n\t\t\t\t<div class=\"elementor-element elementor-element-665e0b7 elementor-widget elementor-widget-text-editor\" data-id=\"665e0b7\" data-element_type=\"widget\" data-widget_type=\"text-editor.default\">\n\t\t\t\t\t\t\t\t\t<p>Molinos Agro does NOT have applications or other systems intended to require money from the public, and only operates with customers and suppliers through MOA Operations, its usual channel.<\/p>\t\t\t\t\t\t\t\t<\/div>\n\t\t\t\t<\/div>\n\t\t<div class=\"elementor-element elementor-element-560a679 e-con-full e-flex e-con e-child\" data-id=\"560a679\" data-element_type=\"container\">\n\t\t\t\t<div class=\"elementor-element elementor-element-a5a8bee elementor-widget elementor-widget-wpforms\" data-id=\"a5a8bee\" data-element_type=\"widget\" data-widget_type=\"wpforms.default\">\n\t\t\t\t<div class=\"elementor-widget-container\">\n\t\t\t\t\t<style id=\"wpforms-css-vars-elementor-widget-a5a8bee\">\n\t\t\t\t.elementor-widget-wpforms.elementor-element-a5a8bee {\n\t\t\t\t--wpforms-field-text-color: #001689;\n--wpforms-button-border-radius: 50px;\n--wpforms-button-background-color: #001689;\n--wpforms-button-size-font-size: 20px;\n--wpforms-button-size-height: 48px;\n--wpforms-button-size-padding-h: 20px;\n--wpforms-button-size-margin-top: 15px;\n\t\t\t}\n\t\t\t<\/style><div class=\"wpforms-container wpforms-container-full wpforms-render-modern\" id=\"wpforms-464\"><form id=\"wpforms-form-464\" class=\"wpforms-validate wpforms-form wpforms-ajax-form\" data-formid=\"464\" method=\"post\" enctype=\"multipart\/form-data\" action=\"\/en\/wp-json\/wp\/v2\/pages\/40\" data-token=\"0efd9658f3d607694e216d477a2e1db3\" data-token-time=\"1775393786\" data-trp-original-action=\"\/en\/wp-json\/wp\/v2\/pages\/40\"><noscript class=\"wpforms-error-noscript\">Please enable JavaScript in your browser to complete this form.<\/noscript><div id=\"wpforms-error-noscript\" style=\"display: none;\">Please enable JavaScript in your browser to complete this form.<\/div><div class=\"wpforms-field-container\"><div id=\"wpforms-464-field_2-container\" class=\"wpforms-field wpforms-field-text\" data-field-id=\"2\"><label class=\"wpforms-field-label wpforms-label-hide\" for=\"wpforms-464-field_2\" aria-hidden=\"false\">Asunto <span class=\"wpforms-required-label\" aria-hidden=\"true\">*<\/span><\/label><input type=\"text\" id=\"wpforms-464-field_2\" class=\"wpforms-field-medium wpforms-field-required\" name=\"wpforms[fields][2]\" placeholder=\"Affair*\" aria-errormessage=\"wpforms-464-field_2-error\" required><\/div><div id=\"wpforms-464-field_3-container\" class=\"wpforms-field wpforms-field-text wpforms-one-half wpforms-first\" data-field-id=\"3\"><label class=\"wpforms-field-label wpforms-label-hide\" for=\"wpforms-464-field_3\" aria-hidden=\"false\">Nombre y Apellido <span class=\"wpforms-required-label\" aria-hidden=\"true\">*<\/span><\/label><input type=\"text\" id=\"wpforms-464-field_3\" class=\"wpforms-field-medium wpforms-field-required\" name=\"wpforms[fields][3]\" placeholder=\"Name and surname*\" aria-errormessage=\"wpforms-464-field_3-error\" required><\/div><div id=\"wpforms-464-field_4-container\" class=\"wpforms-field wpforms-field-text wpforms-one-half wpforms-second\" data-field-id=\"4\"><label class=\"wpforms-field-label wpforms-label-hide\" for=\"wpforms-464-field_4\" aria-hidden=\"false\">E-mail <span class=\"wpforms-required-label\" aria-hidden=\"true\">*<\/span><\/label><input type=\"text\" id=\"wpforms-464-field_4\" class=\"wpforms-field-medium wpforms-field-required\" name=\"wpforms[fields][4]\" placeholder=\"E-mail*\" aria-errormessage=\"wpforms-464-field_4-error\" required><\/div>\t\t<div id=\"wpforms-464-field_1-container\"\n\t\t\tclass=\"wpforms-field wpforms-field-text\"\n\t\t\tdata-field-type=\"text\"\n\t\t\tdata-field-id=\"1\"\n\t\t\t>\n\t\t\t<label class=\"wpforms-field-label\" for=\"wpforms-464-field_1\" >Asunto Nombre Apellido<\/label>\n\t\t\t<input type=\"text\" id=\"wpforms-464-field_1\" class=\"wpforms-field-medium\" name=\"wpforms[fields][1]\" >\n\t\t<\/div>\n\t\t<div id=\"wpforms-464-field_5-container\" class=\"wpforms-field wpforms-field-text wpforms-one-half wpforms-first\" data-field-id=\"5\"><label class=\"wpforms-field-label wpforms-label-hide\" for=\"wpforms-464-field_5\" aria-hidden=\"false\">Tax id number<\/label><input type=\"text\" id=\"wpforms-464-field_5\" class=\"wpforms-field-medium\" name=\"wpforms[fields][5]\" placeholder=\"Tax id number\" aria-errormessage=\"wpforms-464-field_5-error\" ><\/div><div id=\"wpforms-464-field_6-container\" class=\"wpforms-field wpforms-field-text wpforms-one-half wpforms-second\" data-field-id=\"6\"><label class=\"wpforms-field-label wpforms-label-hide\" for=\"wpforms-464-field_6\" aria-hidden=\"false\">Locality<\/label><input type=\"text\" id=\"wpforms-464-field_6\" class=\"wpforms-field-medium\" name=\"wpforms[fields][6]\" placeholder=\"Locality\" aria-errormessage=\"wpforms-464-field_6-error\" ><\/div><div id=\"wpforms-464-field_7-container\" class=\"wpforms-field wpforms-field-select wpforms-field-select-style-classic\" data-field-id=\"7\"><label class=\"wpforms-field-label wpforms-label-hide\" for=\"wpforms-464-field_7\" aria-hidden=\"false\">Desplegable<\/label><select id=\"wpforms-464-field_7\" class=\"wpforms-field-medium\" name=\"wpforms[fields][7]\"><option value=\"\" class=\"placeholder\" disabled selected='selected'>Mark as appropriate*<\/option><option value=\"Trading\"  class=\"choice-1 depth-1\"  >Trading<\/option><option value=\"Personal o Capital Humano\"  class=\"choice-2 depth-1\"  >Personnel or Human Capital<\/option><option value=\"Productor, Corredor, Acopio\"  class=\"choice-3 depth-1\"  >Producer, broker, stockpile<\/option><option value=\"Institucional\"  class=\"choice-4 depth-1\"  >Institutional<\/option><option value=\"Subproductos\"  class=\"choice-5 depth-1\"  >By-products<\/option><\/select><\/div><div id=\"wpforms-464-field_8-container\" class=\"wpforms-field wpforms-field-textarea\" data-field-id=\"8\"><label class=\"wpforms-field-label wpforms-label-hide\" for=\"wpforms-464-field_8\" aria-hidden=\"false\">Message<\/label><textarea id=\"wpforms-464-field_8\" class=\"wpforms-field-medium\" name=\"wpforms[fields][8]\" placeholder=\"Message\" aria-errormessage=\"wpforms-464-field_8-error\" ><\/textarea><\/div><script>\n\t\t\t\t( function() {\n\t\t\t\t\tconst style = document.createElement( 'style' );\n\t\t\t\t\tstyle.appendChild( document.createTextNode( '#wpforms-464-field_1-container { position: absolute !important; overflow: hidden !important; display: inline !important; height: 1px !important; width: 1px !important; z-index: -1000 !important; padding: 0 !important; } #wpforms-464-field_1-container input { visibility: hidden; } #wpforms-conversational-form-page #wpforms-464-field_1-container label { counter-increment: none; }' ) );\n\t\t\t\t\tdocument.head.appendChild( style );\n\t\t\t\t\tdocument.currentScript?.remove();\n\t\t\t\t} )();\n\t\t\t<\/script><\/div><!-- .wpforms-field-container --><div class=\"wpforms-submit-container\" ><input type=\"hidden\" name=\"wpforms[id]\" value=\"464\"><input type=\"hidden\" name=\"page_title\" value=\"\"><input type=\"hidden\" name=\"page_url\" value=\"https:\/\/pre.molinosagro.com.ar\/en\/wp-json\/wp\/v2\/pages\/40\"><input type=\"hidden\" name=\"url_referer\" value=\"\"><button type=\"submit\" name=\"wpforms[submit]\" id=\"wpforms-submit-464\" class=\"wpforms-submit\" data-alt-text=\"Enviando...\" data-submit-text=\"Enviar\" aria-live=\"assertive\" value=\"wpforms-submit\">Send<\/button><img decoding=\"async\" src=\"https:\/\/pre.molinosagro.com.ar\/wp-content\/plugins\/wpforms-lite\/assets\/images\/submit-spin.svg\" class=\"wpforms-submit-spinner\" style=\"display: none;\" width=\"26\" height=\"26\" alt=\"Loading\"><\/div><input type=\"hidden\" name=\"trp-form-language\" value=\"en\"\/><\/form><\/div>  <!-- .wpforms-container -->\t\t\t\t<\/div>\n\t\t\t\t<\/div>\n\t\t\t\t<\/div>\n\t\t\t\t\t<\/div>\n\t\t\t\t<\/div>\n\t\t\t\t<\/div>","protected":false},"excerpt":{"rendered":"<p>CONTACTO Molinos Agro NO posee aplicaciones ni\u00a0otros sistemas destinados a requerir dinero del p\u00fablico, y s\u00f3lo opera con clientes y proveedores a trav\u00e9s de MOA Operaciones, su canal habitual. Por favor, activa JavaScript en tu navegador para completar este formulario.Por favor, activa JavaScript en tu navegador para completar este formulario.Asunto *Nombre y Apellido *E-mail *CuitLocalidadDesplegableMarcar [&hellip;]<\/p>","protected":false},"author":2,"featured_media":0,"parent":0,"menu_order":0,"comment_status":"closed","ping_status":"closed","template":"","meta":{"footnotes":""},"class_list":["post-40","page","type-page","status-publish","hentry"],"_links":{"self":[{"href":"https:\/\/pre.molinosagro.com.ar\/en\/wp-json\/wp\/v2\/pages\/40","targetHints":{"allow":["GET"]}}],"collection":[{"href":"https:\/\/pre.molinosagro.com.ar\/en\/wp-json\/wp\/v2\/pages"}],"about":[{"href":"https:\/\/pre.molinosagro.com.ar\/en\/wp-json\/wp\/v2\/types\/page"}],"author":[{"embeddable":true,"href":"https:\/\/pre.molinosagro.com.ar\/en\/wp-json\/wp\/v2\/users\/2"}],"replies":[{"embeddable":true,"href":"https:\/\/pre.molinosagro.com.ar\/en\/wp-json\/wp\/v2\/comments?post=40"}],"version-history":[{"count":43,"href":"https:\/\/pre.molinosagro.com.ar\/en\/wp-json\/wp\/v2\/pages\/40\/revisions"}],"predecessor-version":[{"id":719,"href":"https:\/\/pre.molinosagro.com.ar\/en\/wp-json\/wp\/v2\/pages\/40\/revisions\/719"}],"wp:attachment":[{"href":"https:\/\/pre.molinosagro.com.ar\/en\/wp-json\/wp\/v2\/media?parent=40"}],"curies":[{"name":"wp","href":"https:\/\/api.w.org\/{rel}","templated":true}]}}