{"id":8,"date":"2025-11-05T14:00:08","date_gmt":"2025-11-05T14:00:08","guid":{"rendered":"https:\/\/pre.molinosagro.com.ar\/?page_id=8"},"modified":"2025-11-27T16:20:49","modified_gmt":"2025-11-27T16:20:49","slug":"elementor-8","status":"publish","type":"page","link":"https:\/\/pre.molinosagro.com.ar\/en\/","title":{"rendered":"Home"},"content":{"rendered":"<div data-elementor-type=\"wp-post\" data-elementor-id=\"8\" class=\"elementor elementor-8\" data-elementor-post-type=\"page\">\n\t\t\t\t<div class=\"elementor-element elementor-element-577b041 e-flex e-con-boxed e-con e-parent\" data-id=\"577b041\" data-element_type=\"container\" data-settings=\"{&quot;background_background&quot;:&quot;classic&quot;}\">\n\t\t\t\t\t<div class=\"e-con-inner\">\n\t\t\t\t<div class=\"elementor-element elementor-element-c5a44d3 elementor-widget elementor-widget-heading\" data-id=\"c5a44d3\" data-element_type=\"widget\" data-widget_type=\"heading.default\">\n\t\t\t\t\t<h4 class=\"elementor-heading-title elementor-size-default\">Adding value to the <b>Argentine countryside <\/b>and <b>connecting it with the world<\/b><\/h4>\t\t\t\t<\/div>\n\t\t\t\t\t<\/div>\n\t\t\t\t<\/div>\n\t\t<div class=\"elementor-element elementor-element-54723b2 e-flex e-con-boxed e-con e-parent\" data-id=\"54723b2\" data-element_type=\"container\">\n\t\t\t\t\t<div class=\"e-con-inner\">\n\t\t<div class=\"elementor-element elementor-element-2c1b22b e-con-full e-flex e-con e-child\" data-id=\"2c1b22b\" data-element_type=\"container\">\n\t\t\t\t<div class=\"elementor-element elementor-element-d482f04 elementor-widget elementor-widget-heading\" data-id=\"d482f04\" data-element_type=\"widget\" data-widget_type=\"heading.default\">\n\t\t\t\t\t<h5 class=\"elementor-heading-title elementor-size-default\">Exporting Added Value <span style=\"color: #007934\">to More Than 50 Countries<\/span><\/h5>\t\t\t\t<\/div>\n\t\t\t\t<div class=\"elementor-element elementor-element-e459067 elementor-widget elementor-widget-text-editor\" data-id=\"e459067\" data-element_type=\"widget\" data-widget_type=\"text-editor.default\">\n\t\t\t\t\t\t\t\t\t<p>Complying with the highest environmental standards.<\/p>\t\t\t\t\t\t\t\t<\/div>\n\t\t\t\t<div class=\"elementor-element elementor-element-b04df8b elementor-hidden-desktop elementor-widget elementor-widget-image\" data-id=\"b04df8b\" data-element_type=\"widget\" data-widget_type=\"image.default\">\n\t\t\t\t\t\t\t\t\t\t\t\t\t\t\t<img fetchpriority=\"high\" decoding=\"async\" width=\"663\" height=\"454\" src=\"https:\/\/pre.molinosagro.com.ar\/wp-content\/uploads\/2025\/11\/IMG-Exportando.png\" class=\"attachment-large size-large wp-image-151\" alt=\"\" srcset=\"https:\/\/pre.molinosagro.com.ar\/wp-content\/uploads\/2025\/11\/IMG-Exportando.png 663w, https:\/\/pre.molinosagro.com.ar\/wp-content\/uploads\/2025\/11\/IMG-Exportando-300x205.png 300w, https:\/\/pre.molinosagro.com.ar\/wp-content\/uploads\/2025\/11\/IMG-Exportando-18x12.png 18w\" sizes=\"(max-width: 663px) 100vw, 663px\" \/>\t\t\t\t\t\t\t\t\t\t\t\t\t\t\t<\/div>\n\t\t\t\t<div class=\"elementor-element elementor-element-28a29ec elementor-widget elementor-widget-heading\" data-id=\"28a29ec\" data-element_type=\"widget\" data-widget_type=\"heading.default\">\n\t\t\t\t\t<h6 class=\"elementor-heading-title elementor-size-default\">WE REPRESENT OF WORLD TRADE<\/h6>\t\t\t\t<\/div>\n\t\t<div class=\"elementor-element elementor-element-2d510d9 e-con-full e-flex e-con e-child\" data-id=\"2d510d9\" data-element_type=\"container\">\n\t\t<div class=\"elementor-element elementor-element-8f02b84 e-con-full e-flex e-con e-child\" data-id=\"8f02b84\" data-element_type=\"container\">\n\t\t<div class=\"elementor-element elementor-element-d00dc6f e-con-full e-flex e-con e-child\" data-id=\"d00dc6f\" data-element_type=\"container\">\n\t\t\t\t<div class=\"elementor-element elementor-element-5f14f0c elementor-widget elementor-widget-heading\" data-id=\"5f14f0c\" data-element_type=\"widget\" data-widget_type=\"heading.default\">\n\t\t\t\t\t<h2 class=\"elementor-heading-title elementor-size-default\">5%<\/h2>\t\t\t\t<\/div>\n\t\t\t\t<\/div>\n\t\t<div class=\"elementor-element elementor-element-ebcb054 e-con-full e-flex e-con e-child\" data-id=\"ebcb054\" data-element_type=\"container\">\n\t\t\t\t<div class=\"elementor-element elementor-element-3da99eb elementor-widget elementor-widget-heading\" data-id=\"3da99eb\" data-element_type=\"widget\" data-widget_type=\"heading.default\">\n\t\t\t\t\t<h6 class=\"elementor-heading-title elementor-size-default\">soybean meal<\/h6>\t\t\t\t<\/div>\n\t\t\t\t<\/div>\n\t\t\t\t<\/div>\n\t\t<div class=\"elementor-element elementor-element-bc949bb e-con-full e-flex e-con e-child\" data-id=\"bc949bb\" data-element_type=\"container\">\n\t\t<div class=\"elementor-element elementor-element-9494728 e-con-full e-flex e-con e-child\" data-id=\"9494728\" data-element_type=\"container\">\n\t\t\t\t<div class=\"elementor-element elementor-element-cbe1c9c elementor-widget elementor-widget-heading\" data-id=\"cbe1c9c\" data-element_type=\"widget\" data-widget_type=\"heading.default\">\n\t\t\t\t\t<h2 class=\"elementor-heading-title elementor-size-default\">4%<\/h2>\t\t\t\t<\/div>\n\t\t\t\t<\/div>\n\t\t<div class=\"elementor-element elementor-element-2cd7f43 e-con-full e-flex e-con e-child\" data-id=\"2cd7f43\" data-element_type=\"container\">\n\t\t\t\t<div class=\"elementor-element elementor-element-12794e5 elementor-widget elementor-widget-heading\" data-id=\"12794e5\" data-element_type=\"widget\" data-widget_type=\"heading.default\">\n\t\t\t\t\t<h6 class=\"elementor-heading-title elementor-size-default\">soybean oil<\/h6>\t\t\t\t<\/div>\n\t\t\t\t<\/div>\n\t\t\t\t<\/div>\n\t\t\t\t<\/div>\n\t\t\t\t<\/div>\n\t\t<div class=\"elementor-element elementor-element-adf944e e-con-full elementor-hidden-tablet elementor-hidden-mobile e-flex e-con e-child\" data-id=\"adf944e\" data-element_type=\"container\">\n\t\t\t\t<div class=\"elementor-element elementor-element-d0148de elementor-widget elementor-widget-image\" data-id=\"d0148de\" data-element_type=\"widget\" data-widget_type=\"image.default\">\n\t\t\t\t\t\t\t\t\t\t\t\t\t\t\t<img fetchpriority=\"high\" decoding=\"async\" width=\"663\" height=\"454\" src=\"https:\/\/pre.molinosagro.com.ar\/wp-content\/uploads\/2025\/11\/IMG-Exportando.png\" class=\"attachment-large size-large wp-image-151\" alt=\"\" srcset=\"https:\/\/pre.molinosagro.com.ar\/wp-content\/uploads\/2025\/11\/IMG-Exportando.png 663w, https:\/\/pre.molinosagro.com.ar\/wp-content\/uploads\/2025\/11\/IMG-Exportando-300x205.png 300w, https:\/\/pre.molinosagro.com.ar\/wp-content\/uploads\/2025\/11\/IMG-Exportando-18x12.png 18w\" sizes=\"(max-width: 663px) 100vw, 663px\" \/>\t\t\t\t\t\t\t\t\t\t\t\t\t\t\t<\/div>\n\t\t\t\t<\/div>\n\t\t\t\t\t<\/div>\n\t\t\t\t<\/div>\n\t\t<div class=\"elementor-element elementor-element-43ade43 e-flex e-con-boxed e-con e-parent\" data-id=\"43ade43\" data-element_type=\"container\">\n\t\t\t\t\t<div class=\"e-con-inner\">\n\t\t<div class=\"elementor-element elementor-element-b9f211a e-con-full head-green e-flex e-con e-child\" data-id=\"b9f211a\" data-element_type=\"container\" data-settings=\"{&quot;background_background&quot;:&quot;classic&quot;}\">\n\t\t\t\t<div class=\"elementor-element elementor-element-98637dc elementor-widget elementor-widget-heading\" data-id=\"98637dc\" data-element_type=\"widget\" data-widget_type=\"heading.default\">\n\t\t\t\t\t<p class=\"elementor-heading-title elementor-size-default\">SUSTAINABILITY REPORT<\/p>\t\t\t\t<\/div>\n\t\t\t\t<\/div>\n\t\t\t\t\t<\/div>\n\t\t\t\t<\/div>\n\t\t<div class=\"elementor-element elementor-element-8f96088 e-flex e-con-boxed e-con e-parent\" data-id=\"8f96088\" data-element_type=\"container\">\n\t\t\t\t\t<div class=\"e-con-inner\">\n\t\t\t\t<div class=\"elementor-element elementor-element-678d142 elementor-widget__width-initial elementor-absolute e-transform elementor-widget elementor-widget-image\" data-id=\"678d142\" data-element_type=\"widget\" data-settings=\"{&quot;_position&quot;:&quot;absolute&quot;,&quot;_transform_translateX_effect&quot;:{&quot;unit&quot;:&quot;%&quot;,&quot;size&quot;:-105,&quot;sizes&quot;:[]},&quot;_transform_translateX_effect_tablet&quot;:{&quot;unit&quot;:&quot;%&quot;,&quot;size&quot;:&quot;&quot;,&quot;sizes&quot;:[]},&quot;_transform_translateX_effect_mobile&quot;:{&quot;unit&quot;:&quot;%&quot;,&quot;size&quot;:&quot;&quot;,&quot;sizes&quot;:[]},&quot;_transform_translateY_effect&quot;:{&quot;unit&quot;:&quot;px&quot;,&quot;size&quot;:&quot;&quot;,&quot;sizes&quot;:[]},&quot;_transform_translateY_effect_tablet&quot;:{&quot;unit&quot;:&quot;px&quot;,&quot;size&quot;:&quot;&quot;,&quot;sizes&quot;:[]},&quot;_transform_translateY_effect_mobile&quot;:{&quot;unit&quot;:&quot;px&quot;,&quot;size&quot;:&quot;&quot;,&quot;sizes&quot;:[]}}\" data-widget_type=\"image.default\">\n\t\t\t\t\t\t\t\t\t\t\t\t\t\t\t<img decoding=\"async\" width=\"800\" height=\"443\" src=\"https:\/\/pre.molinosagro.com.ar\/wp-content\/uploads\/2025\/11\/img-circulos.png\" class=\"attachment-large size-large wp-image-152\" alt=\"\" srcset=\"https:\/\/pre.molinosagro.com.ar\/wp-content\/uploads\/2025\/11\/img-circulos.png 978w, https:\/\/pre.molinosagro.com.ar\/wp-content\/uploads\/2025\/11\/img-circulos-300x166.png 300w, https:\/\/pre.molinosagro.com.ar\/wp-content\/uploads\/2025\/11\/img-circulos-768x426.png 768w, https:\/\/pre.molinosagro.com.ar\/wp-content\/uploads\/2025\/11\/img-circulos-18x10.png 18w\" sizes=\"(max-width: 800px) 100vw, 800px\" \/>\t\t\t\t\t\t\t\t\t\t\t\t\t\t\t<\/div>\n\t\t<div class=\"elementor-element elementor-element-ef8955f e-con-full e-flex e-con e-child\" data-id=\"ef8955f\" data-element_type=\"container\">\n\t\t\t\t<\/div>\n\t\t<div class=\"elementor-element elementor-element-1a725a3 e-con-full e-flex e-con e-child\" data-id=\"1a725a3\" data-element_type=\"container\">\n\t\t\t\t<div class=\"elementor-element elementor-element-16c41ae elementor-widget elementor-widget-heading\" data-id=\"16c41ae\" data-element_type=\"widget\" data-widget_type=\"heading.default\">\n\t\t\t\t\t<h2 class=\"elementor-heading-title elementor-size-default\">24\/25<\/h2>\t\t\t\t<\/div>\n\t\t\t\t<div class=\"elementor-element elementor-element-8b8612e elementor-widget elementor-widget-text-editor\" data-id=\"8b8612e\" data-element_type=\"widget\" data-widget_type=\"text-editor.default\">\n\t\t\t\t\t\t\t\t\t<p>We are proud to present our Sustainability report under the Global Reporting Initiative (GRI) regulations.<\/p>\t\t\t\t\t\t\t\t<\/div>\n\t\t\t\t<div class=\"elementor-element elementor-element-f3fc851 elementor-widget elementor-widget-text-editor\" data-id=\"f3fc851\" data-element_type=\"widget\" data-widget_type=\"text-editor.default\">\n\t\t\t\t\t\t\t\t\t<p>Complying with the Sustainable Development Goals to 2030 according to the United Nations Global Compact.<\/p>\t\t\t\t\t\t\t\t<\/div>\n\t\t\t\t<div class=\"elementor-element elementor-element-bea2782 elementor-mobile-align-center elementor-widget elementor-widget-button\" data-id=\"bea2782\" data-element_type=\"widget\" data-widget_type=\"button.default\">\n\t\t\t\t\t\t\t\t\t\t<a class=\"elementor-button elementor-button-link elementor-size-sm\" href=\"https:\/\/pre.molinosagro.com.ar\/wp-content\/uploads\/2025\/11\/MOA-Sustainability-Report-2024-2025.pdf\" target=\"_blank\">\n\t\t\t\t\t\t<span class=\"elementor-button-content-wrapper\">\n\t\t\t\t\t\t\t\t\t<span class=\"elementor-button-text\">Read the report <\/span>\n\t\t\t\t\t<\/span>\n\t\t\t\t\t<\/a>\n\t\t\t\t\t\t\t\t<\/div>\n\t\t\t\t<\/div>\n\t\t\t\t\t<\/div>\n\t\t\t\t<\/div>\n\t\t<div class=\"elementor-element elementor-element-b5f155a e-flex e-con-boxed e-con e-parent\" data-id=\"b5f155a\" data-element_type=\"container\" data-settings=\"{&quot;background_background&quot;:&quot;video&quot;,&quot;background_video_link&quot;:&quot;https:\\\/\\\/www.youtube.com\\\/watch?v=Dfmjd4NBFeo&quot;,&quot;background_play_on_mobile&quot;:&quot;yes&quot;}\">\n\t\t\t\t\t<div class=\"e-con-inner\">\n\t\t<div class=\"elementor-background-video-container\" aria-hidden=\"true\">\n\t\t\t\t\t\t\t<div class=\"elementor-background-video-embed\"><\/div>\n\t\t\t\t\t\t<\/div>\t\t\t<\/div>\n\t\t\t\t<\/div>\n\t\t\t\t<\/div>","protected":false},"excerpt":{"rendered":"<p>Agregar valor al campo Argentino y conectarlo con el mundo Exportando valor agregado a m\u00e1s de 50 pa\u00edses Cumpliendo con los m\u00e1s altos est\u00e1ndares ambientales. REPRESENTAMOS DEL COMERCIO MUNDIAL 5% de harina de soja 4% de aceite de soja REPORTE DE SUSTENTABILIDAD 24\/25 Estamos orgullosos de presentar nuestro reporte de Sustentabilidad bajo normativa de Global [&hellip;]<\/p>","protected":false},"author":2,"featured_media":0,"parent":0,"menu_order":0,"comment_status":"closed","ping_status":"closed","template":"","meta":{"footnotes":""},"class_list":["post-8","page","type-page","status-publish","hentry"],"_links":{"self":[{"href":"https:\/\/pre.molinosagro.com.ar\/en\/wp-json\/wp\/v2\/pages\/8","targetHints":{"allow":["GET"]}}],"collection":[{"href":"https:\/\/pre.molinosagro.com.ar\/en\/wp-json\/wp\/v2\/pages"}],"about":[{"href":"https:\/\/pre.molinosagro.com.ar\/en\/wp-json\/wp\/v2\/types\/page"}],"author":[{"embeddable":true,"href":"https:\/\/pre.molinosagro.com.ar\/en\/wp-json\/wp\/v2\/users\/2"}],"replies":[{"embeddable":true,"href":"https:\/\/pre.molinosagro.com.ar\/en\/wp-json\/wp\/v2\/comments?post=8"}],"version-history":[{"count":82,"href":"https:\/\/pre.molinosagro.com.ar\/en\/wp-json\/wp\/v2\/pages\/8\/revisions"}],"predecessor-version":[{"id":709,"href":"https:\/\/pre.molinosagro.com.ar\/en\/wp-json\/wp\/v2\/pages\/8\/revisions\/709"}],"wp:attachment":[{"href":"https:\/\/pre.molinosagro.com.ar\/en\/wp-json\/wp\/v2\/media?parent=8"}],"curies":[{"name":"wp","href":"https:\/\/api.w.org\/{rel}","templated":true}]}}